{"id":26328,"date":"2025-10-15T14:19:28","date_gmt":"2025-10-15T14:19:28","guid":{"rendered":"https:\/\/corsu-hh.de\/?page_id=26328"},"modified":"2025-10-15T14:26:56","modified_gmt":"2025-10-15T14:26:56","slug":"contact","status":"publish","type":"page","link":"http:\/\/corsu-hh.de\/ru\/contact\/","title":{"rendered":"Contact"},"content":{"rendered":"<div data-elementor-type=\"wp-page\" data-elementor-id=\"26328\" class=\"elementor elementor-26328\" data-elementor-post-type=\"page\">\n\t\t\t\t\t\t<section class=\"elementor-section elementor-top-section elementor-element elementor-element-3342f43b elementor-section-boxed elementor-section-height-default elementor-section-height-default sc_fly_static\" data-id=\"3342f43b\" data-element_type=\"section\">\n\t\t\t\t\t\t<div class=\"elementor-container elementor-column-gap-extended\">\n\t\t\t\t\t<div class=\"elementor-column elementor-col-100 elementor-top-column elementor-element elementor-element-3f4dc650 sc_content_align_inherit sc_layouts_column_icons_position_left sc_fly_static\" data-id=\"3f4dc650\" data-element_type=\"column\">\n\t\t\t<div class=\"elementor-widget-wrap elementor-element-populated\">\n\t\t\t\t\t\t<div class=\"elementor-element elementor-element-a9608b6 sc_height_huge sc_fly_static elementor-widget elementor-widget-spacer\" data-id=\"a9608b6\" data-element_type=\"widget\" data-widget_type=\"spacer.default\">\n\t\t\t\t<div class=\"elementor-widget-container\">\n\t\t\t\t\t\t\t<div class=\"elementor-spacer\">\n\t\t\t<div class=\"elementor-spacer-inner\"><\/div>\n\t\t<\/div>\n\t\t\t\t\t\t<\/div>\n\t\t\t\t<\/div>\n\t\t\t\t<div class=\"elementor-element elementor-element-1655885 sc_height_huge sc_fly_static elementor-widget elementor-widget-spacer\" data-id=\"1655885\" data-element_type=\"widget\" data-widget_type=\"spacer.default\">\n\t\t\t\t<div class=\"elementor-widget-container\">\n\t\t\t\t\t\t\t<div class=\"elementor-spacer\">\n\t\t\t<div class=\"elementor-spacer-inner\"><\/div>\n\t\t<\/div>\n\t\t\t\t\t\t<\/div>\n\t\t\t\t<\/div>\n\t\t\t\t\t<\/div>\n\t\t<\/div>\n\t\t\t\t\t<\/div>\n\t\t<\/section>\n\t\t\t\t<section data-animation-type=\"block\" class=\"elementor-section elementor-top-section elementor-element elementor-element-09f6c44 elementor-section-height-min-height scheme_dark elementor-section-boxed elementor-section-height-default elementor-section-items-middle animation_type_block sc_fly_static elementor-invisible\" data-id=\"09f6c44\" data-element_type=\"section\" data-settings=\"{&quot;background_background&quot;:&quot;classic&quot;,&quot;animation&quot;:&quot;variety-fadeinup&quot;}\">\n\t\t\t\t\t\t\t<div class=\"elementor-background-overlay\"><\/div>\n\t\t\t\t\t\t\t<div class=\"elementor-container elementor-column-gap-extended\">\n\t\t\t\t\t<div class=\"elementor-column elementor-col-100 elementor-top-column elementor-element elementor-element-0703a5b sc_content_align_inherit sc_layouts_column_icons_position_left sc_fly_static\" data-id=\"0703a5b\" data-element_type=\"column\">\n\t\t\t<div class=\"elementor-widget-wrap elementor-element-populated\">\n\t\t\t\t\t\t<div class=\"elementor-element elementor-element-18194e2 sc_fly_static elementor-widget elementor-widget-spacer\" data-id=\"18194e2\" data-element_type=\"widget\" data-widget_type=\"spacer.default\">\n\t\t\t\t<div class=\"elementor-widget-container\">\n\t\t\t\t\t\t\t<div class=\"elementor-spacer\">\n\t\t\t<div class=\"elementor-spacer-inner\"><\/div>\n\t\t<\/div>\n\t\t\t\t\t\t<\/div>\n\t\t\t\t<\/div>\n\t\t\t\t<div class=\"elementor-element elementor-element-2b269aff sc_fly_static elementor-widget elementor-widget-trx_sc_icons\" data-id=\"2b269aff\" data-element_type=\"widget\" data-widget_type=\"trx_sc_icons.default\">\n\t\t\t\t<div class=\"elementor-widget-container\">\n\t\t\t\t\t<div \tclass=\"sc_icons sc_icons_plain sc_icons_size_small sc_align_center\" ><div class=\"sc_icons_columns_wrap sc_item_columns trx_addons_columns_wrap columns_padding_bottom columns_in_single_row\" ><div class=\"trx_addons_column-1_3\"><div class=\"sc_icons_item\"><div class=\"sc_icons_icon sc_icon_type_ icon-envelope-2\" ><span class=\"sc_icon_type_ icon-envelope-2\"><\/span><\/div><div class=\"sc_icons_item_details\"><h4 class=\"sc_icons_item_title\"><span>\u042d\u043b\u0435\u043a\u0442\u0440\u043e\u043d\u043d\u0430\u044f \u043f\u043e\u0447\u0442\u0430<\/span><\/h4><div class=\"sc_icons_item_description\"><span><a href=\"mailto:info@corsu-hh.de\">info@corsu-hh.de<\/a><\/span><\/div><\/div><\/div><\/div><div class=\"trx_addons_column-1_3\"><div class=\"sc_icons_item sc_icons_item_linked with_more\"><div class=\"sc_icons_icon sc_icon_type_ icon-location-1\" ><span class=\"sc_icon_type_ icon-location-1\"><\/span><\/div><div class=\"sc_icons_item_details\"><h4 class=\"sc_icons_item_title\"><a href=\"#page-map\">\n                                    \u0410\u0434\u0440\u0435\u0441                                    <\/a><\/h4><div class=\"sc_icons_item_description\"><span>Corsu GmbH\u00a0<\/span><span>\u0423\u043b\u0438\u0446\u0430 \u0425\u043e\u044d\u043d\u0444\u0435\u043b\u044c\u0434\u0435\u0440, 20\u00a0<\/span><span>22087 \u0413\u0430\u043c\u0431\u0443\u0440\u0433<\/span><span><\/span><span>Im e.novum L\u00fcneburg<\/span><span>Munstermannskamp 1 <\/span><span>21335 L\u00fcneburg <\/span><\/div><a href=\"#page-map\" class=\"sc_icons_item_more_link\">\n                        <span class=\"link_text\">\u041f\u0440\u043e\u0432\u0435\u0440\u0438\u0442\u044c \u043c\u0435\u0441\u0442\u043e\u043f\u043e\u043b\u043e\u0436\u0435\u043d\u0438\u0435<\/span><span class=\"link_icon\"><\/span>\n                        <\/a><a href=\"#page-map\"\n                        class=\"sc_icons_item_link\">\n                        <\/a><\/div><\/div><\/div><div class=\"trx_addons_column-1_3\"><div class=\"sc_icons_item sc_icons_item_linked with_more\"><div class=\"sc_icons_icon sc_icon_type_ icon-support-style\" ><span class=\"sc_icon_type_ icon-support-style\"><\/span><\/div><div class=\"sc_icons_item_details\"><h4 class=\"sc_icons_item_title\"><a href=\"#page-form\">\n                                    \u0421\u0432\u044f\u0437\u0430\u0442\u044c\u0441\u044f                                    <\/a><\/h4><div class=\"sc_icons_item_description\"><span><a href=\"tel:+4915117830793\">+49 (0) 15117830793<\/a> <br><\/span><span>(\u0422\u0435\u043b\u0435\u0444\u043e\u043d + WhatsApp + Telegram) <br><\/span><span><a href=\"tel:+494055448326\">+49 (0) 40 55448326<\/a><\/span><\/div><a href=\"#page-form\" class=\"sc_icons_item_more_link\">\n                        <span class=\"link_text\">\u041a\u043e\u043d\u0442\u0430\u043a\u0442\u043d\u0430\u044f \u0444\u043e\u0440\u043c\u0430<\/span><span class=\"link_icon\"><\/span>\n                        <\/a><a href=\"#page-form\"\n                        class=\"sc_icons_item_link\">\n                        <\/a><\/div><\/div><\/div><\/div><\/div><!-- \/.sc_icons -->\t\t\t\t<\/div>\n\t\t\t\t<\/div>\n\t\t\t\t<div class=\"elementor-element elementor-element-5491129 elementor-widget__width-initial sc_fly_static elementor-widget elementor-widget-heading\" data-id=\"5491129\" data-element_type=\"widget\" data-widget_type=\"heading.default\">\n\t\t\t\t<div class=\"elementor-widget-container\">\n\t\t\t\t\t<h1 class=\"elementor-heading-title elementor-size-default\">\u0421\u043e\u0432\u043c\u0435\u0441\u0442\u043d\u043e \u043f\u0440\u043e\u043a\u043b\u0430\u0434\u044b\u0432\u0430\u0435\u043c \u043f\u0443\u0442\u044c \u043a \u0432\u0430\u0448\u0435\u043c\u0443 \u043f\u0440\u043e\u0444\u0435\u0441\u0441\u0438\u043e\u043d\u0430\u043b\u044c\u043d\u043e\u043c\u0443 \u0431\u0443\u0434\u0443\u0449\u0435\u043c\u0443.<\/h1>\t\t\t\t<\/div>\n\t\t\t\t<\/div>\n\t\t\t\t<div class=\"elementor-element elementor-element-7c5e3c6 sc_fly_static elementor-widget elementor-widget-spacer\" data-id=\"7c5e3c6\" data-element_type=\"widget\" data-widget_type=\"spacer.default\">\n\t\t\t\t<div class=\"elementor-widget-container\">\n\t\t\t\t\t\t\t<div class=\"elementor-spacer\">\n\t\t\t<div class=\"elementor-spacer-inner\"><\/div>\n\t\t<\/div>\n\t\t\t\t\t\t<\/div>\n\t\t\t\t<\/div>\n\t\t\t\t\t<\/div>\n\t\t<\/div>\n\t\t\t\t\t<\/div>\n\t\t<\/section>\n\t\t\t\t<section data-animation-type=\"block\" class=\"elementor-section elementor-top-section elementor-element elementor-element-7445bb5 elementor-section-full_width elementor-section-content-middle scheme_light elementor-section-height-default elementor-section-height-default animation_type_block sc_fly_static elementor-invisible\" data-id=\"7445bb5\" data-element_type=\"section\" data-settings=\"{&quot;background_background&quot;:&quot;classic&quot;,&quot;animation&quot;:&quot;variety-fadeinup&quot;}\">\n\t\t\t\t\t\t<div class=\"elementor-container elementor-column-gap-no\">\n\t\t\t\t\t<div class=\"elementor-column elementor-col-50 elementor-top-column elementor-element elementor-element-577ba05 sc_content_align_inherit sc_layouts_column_icons_position_left sc_fly_static\" data-id=\"577ba05\" data-element_type=\"column\">\n\t\t\t<div class=\"elementor-widget-wrap elementor-element-populated\">\n\t\t\t\t\t\t<div class=\"elementor-element elementor-element-d965e1f sc_fly_static elementor-widget elementor-widget-trx_sc_googlemap\" data-id=\"d965e1f\" data-element_type=\"widget\" data-widget_type=\"trx_sc_googlemap.default\">\n\t\t\t\t<div class=\"elementor-widget-container\">\n\t\t\t\t\t<div id=\"sc_googlemap_1339226362_wrap\" class=\"sc_googlemap_wrap\"><div id=\"sc_googlemap_1339226362\"\t\t\tclass=\"sc_item_content sc_map sc_googlemap sc_googlemap_default trx_addons_inline_181266666\"\n\t\t\t \t\t\tdata-zoom=\"16\"\n\t\t\tdata-center=\"\"\n\t\t\tdata-style=\"extra\"\n\t\t\tdata-map-id=\"\"\n\t\t\tdata-cluster-icon=\"\"\n\t\t\t><iframe\n\t\t\t\t\t\tsrc=\"https:\/\/maps.google.com\/maps?t=m&output=embed&iwloc=near&z=16&q=Corsu+GmbH%C2%A0+Hohenfelder+Stra%C3%9Fe+20%C2%A0+22087+Hamburg\"\n\t\t\t\t\t\taria-label=\"\"><\/iframe><\/div><\/div>\t\t\t\t<\/div>\n\t\t\t\t<\/div>\n\t\t\t\t\t<\/div>\n\t\t<\/div>\n\t\t\t\t<div class=\"elementor-column elementor-col-50 elementor-top-column elementor-element elementor-element-9dd6642 sc_content_align_inherit sc_layouts_column_icons_position_left sc_fly_static\" data-id=\"9dd6642\" data-element_type=\"column\">\n\t\t\t<div class=\"elementor-widget-wrap elementor-element-populated\">\n\t\t\t\t\t\t<section class=\"elementor-section elementor-inner-section elementor-element elementor-element-83c3c98 elementor-section-boxed elementor-section-height-default elementor-section-height-default sc_fly_static\" data-id=\"83c3c98\" data-element_type=\"section\">\n\t\t\t\t\t\t<div class=\"elementor-container elementor-column-gap-no\">\n\t\t\t\t\t<div class=\"elementor-column elementor-col-100 elementor-inner-column elementor-element elementor-element-e47237f sc_content_align_inherit sc_layouts_column_icons_position_left sc_fly_static\" data-id=\"e47237f\" data-element_type=\"column\">\n\t\t\t<div class=\"elementor-widget-wrap elementor-element-populated\">\n\t\t\t\t\t\t<div class=\"elementor-element elementor-element-05de96c sc_fly_static elementor-widget elementor-widget-spacer\" data-id=\"05de96c\" data-element_type=\"widget\" data-widget_type=\"spacer.default\">\n\t\t\t\t<div class=\"elementor-widget-container\">\n\t\t\t\t\t\t\t<div class=\"elementor-spacer\">\n\t\t\t<div class=\"elementor-spacer-inner\"><\/div>\n\t\t<\/div>\n\t\t\t\t\t\t<\/div>\n\t\t\t\t<\/div>\n\t\t\t\t<div class=\"elementor-element elementor-element-8bf5f4d elementor-widget-tablet__width-initial sc_fly_static elementor-widget elementor-widget-trx_sc_title\" data-id=\"8bf5f4d\" data-element_type=\"widget\" data-widget_type=\"trx_sc_title.default\">\n\t\t\t\t<div class=\"elementor-widget-container\">\n\t\t\t\t\t<div\t\tclass=\"sc_title sc_title_default\" ><h1 class=\"sc_item_title sc_title_title sc_item_title_style_default sc_item_title_tag\"\n\t\t\t><span class=\"sc_item_title_text\">\u0421\u0432\u044f\u0436\u0438\u0442\u0435\u0441\u044c \u0441 \u043d\u0430\u043c\u0438 \u0441\u0435\u0439\u0447\u0430\u0441<\/span><\/h1><\/div>\t\t\t\t<\/div>\n\t\t\t\t<\/div>\n\t\t\t\t<div class=\"elementor-element elementor-element-86d82c1 sc_fly_static elementor-widget elementor-widget-spacer\" data-id=\"86d82c1\" data-element_type=\"widget\" data-widget_type=\"spacer.default\">\n\t\t\t\t<div class=\"elementor-widget-container\">\n\t\t\t\t\t\t\t<div class=\"elementor-spacer\">\n\t\t\t<div class=\"elementor-spacer-inner\"><\/div>\n\t\t<\/div>\n\t\t\t\t\t\t<\/div>\n\t\t\t\t<\/div>\n\t\t\t\t<div class=\"elementor-element elementor-element-b634ab7 sc_fly_static elementor-widget elementor-widget-trx_sc_contact_form_7\" data-id=\"b634ab7\" data-element_type=\"widget\" data-widget_type=\"trx_sc_contact_form_7.default\">\n\t\t\t\t<div class=\"elementor-widget-container\">\n\t\t\t\t\t\n<div class=\"wpcf7 no-js\" id=\"wpcf7-f1266-o1\" lang=\"en-US\" dir=\"ltr\" data-wpcf7-id=\"1266\">\n<div class=\"screen-reader-response\"><p role=\"status\" aria-live=\"polite\" aria-atomic=\"true\"><\/p> <ul><\/ul><\/div>\n<form action=\"\/ru\/wp-json\/wp\/v2\/pages\/26328#wpcf7-f1266-o1\" method=\"post\" class=\"wpcf7-form init\" aria-label=\"Contact form\" novalidate=\"novalidate\" data-status=\"init\" data-trp-original-action=\"\/ru\/wp-json\/wp\/v2\/pages\/26328#wpcf7-f1266-o1\">\n<fieldset class=\"hidden-fields-container\"><input type=\"hidden\" name=\"_wpcf7\" value=\"1266\" \/><input type=\"hidden\" name=\"_wpcf7_version\" value=\"6.1\" \/><input type=\"hidden\" name=\"_wpcf7_locale\" value=\"en_US\" \/><input type=\"hidden\" name=\"_wpcf7_unit_tag\" value=\"wpcf7-f1266-o1\" \/><input type=\"hidden\" name=\"_wpcf7_container_post\" value=\"0\" \/><input type=\"hidden\" name=\"_wpcf7_posted_data_hash\" value=\"\" \/>\n<\/fieldset>\n<div class=\"form-style-2\">\n\t<div class=\"columns_wrap\">\n\t\t<div class=\"column-1_2\">\n\t\t\t<p><span class=\"style-line\"><span class=\"wpcf7-form-control-wrap\" data-name=\"your-name\"><input size=\"40\" maxlength=\"400\" class=\"wpcf7-form-control wpcf7-text wpcf7-validates-as-required\" aria-required=\"true\" aria-invalid=\"false\" placeholder=\"\u0418\u043c\u044f\" value=\"\" type=\"text\" name=\"your-name\" \/><\/span><\/span>\n\t\t\t<\/p>\n\t\t<\/div>\n\t\t<div class=\"column-1_2\">\n\t\t\t<p><span class=\"style-line\"><span class=\"wpcf7-form-control-wrap\" data-name=\"your-last-name\"><input size=\"40\" maxlength=\"400\" class=\"wpcf7-form-control wpcf7-text wpcf7-validates-as-required\" aria-required=\"true\" aria-invalid=\"false\" placeholder=\"\u0424\u0430\u043c\u0438\u043b\u0438\u044f\" value=\"\" type=\"text\" name=\"your-last-name\" \/><\/span><\/span>\n\t\t\t<\/p>\n\t\t<\/div>\n\t<\/div>\n\t<div class=\"columns_wrap\">\n\t\t<div class=\"column-1_2\">\n\t\t\t<p><span class=\"style-line\"><span class=\"wpcf7-form-control-wrap\" data-name=\"your-email\"><input size=\"40\" maxlength=\"400\" class=\"wpcf7-form-control wpcf7-email wpcf7-validates-as-required wpcf7-text wpcf7-validates-as-email\" aria-required=\"true\" aria-invalid=\"false\" placeholder=\"\u042d\u043b\u0435\u043a\u0442\u0440\u043e\u043d\u043d\u0430\u044f \u043f\u043e\u0447\u0442\u0430\" value=\"\" type=\"email\" name=\"your-email\" \/><\/span><\/span>\n\t\t\t<\/p>\n\t\t<\/div>\n\t\t<div class=\"column-1_2\">\n\t\t\t<p><span class=\"style-line\"><span class=\"wpcf7-form-control-wrap\" data-name=\"phone\"><input size=\"40\" maxlength=\"400\" class=\"wpcf7-form-control wpcf7-tel wpcf7-validates-as-required wpcf7-text wpcf7-validates-as-tel\" aria-required=\"true\" aria-invalid=\"false\" placeholder=\"\u0422\u0435\u043b\u0435\u0444\u043e\u043d\" value=\"\" type=\"tel\" name=\"phone\" \/><\/span><\/span>\n\t\t\t<\/p>\n\t\t<\/div>\n\t<\/div>\n\t<div class=\"columns_wrap\">\n\t\t<div class=\"column-1_1\">\n\t\t\t<p><span class=\"style-line\"><span class=\"wpcf7-form-control-wrap\" data-name=\"your-message\"><textarea cols=\"40\" rows=\"10\" maxlength=\"2000\" class=\"wpcf7-form-control wpcf7-textarea wpcf7-validates-as-required\" aria-required=\"true\" aria-invalid=\"false\" placeholder=\"\u0421\u043e\u043e\u0431\u0449\u0435\u043d\u0438\u0435\" name=\"your-message\"><\/textarea><\/span><\/span>\n\t\t\t<\/p>\n\t\t<\/div>\n\t<\/div>\n\t<p><span class=\"wpcf7-form-control-wrap\" data-name=\"acceptance\"><span class=\"wpcf7-form-control wpcf7-acceptance\"><span class=\"wpcf7-list-item\"><label><input type=\"checkbox\" name=\"acceptance\" value=\"1\" aria-invalid=\"false\" \/><span class=\"wpcf7-list-item-label\">\u042f \u0441\u043e\u0433\u043b\u0430\u0441\u0435\u043d, \u0447\u0442\u043e \u043c\u043e\u0438 \u0434\u0430\u043d\u043d\u044b\u0435 <a href=\"\/ru\/privacy-policy\/\">\u041f\u043e\u0434\u043d\u044f\u0442\u044b\u0439<\/a> \u0421\u0442\u0430\u043d\u043e\u0432\u0438\u0442\u044c\u0441\u044f<\/span><\/label><\/span><\/span><\/span><br \/>\n<input class=\"wpcf7-form-control wpcf7-submit has-spinner\" type=\"submit\" value=\"\u041e\u0442\u043f\u0440\u0430\u0432\u0438\u0442\u044c\" \/>\n\t<\/p>\n<\/div><div class=\"wpcf7-response-output\" aria-hidden=\"true\"><\/div>\n<input type=\"hidden\" name=\"trp-form-language\" value=\"ru\"\/><\/form>\n<\/div>\n\t\t\t\t<\/div>\n\t\t\t\t<\/div>\n\t\t\t\t<div class=\"elementor-element elementor-element-8220796 sc_fly_static elementor-widget elementor-widget-spacer\" data-id=\"8220796\" data-element_type=\"widget\" data-widget_type=\"spacer.default\">\n\t\t\t\t<div class=\"elementor-widget-container\">\n\t\t\t\t\t\t\t<div class=\"elementor-spacer\">\n\t\t\t<div class=\"elementor-spacer-inner\"><\/div>\n\t\t<\/div>\n\t\t\t\t\t\t<\/div>\n\t\t\t\t<\/div>\n\t\t\t\t\t<\/div>\n\t\t<\/div>\n\t\t\t\t\t<\/div>\n\t\t<\/section>\n\t\t\t\t\t<\/div>\n\t\t<\/div>\n\t\t\t\t\t<\/div>\n\t\t<\/section>\n\t\t\t\t<section class=\"elementor-section elementor-top-section elementor-element elementor-element-0ad26fb elementor-section-full_width elementor-section-height-default elementor-section-height-default sc_fly_static\" data-id=\"0ad26fb\" data-element_type=\"section\">\n\t\t\t\t\t\t<div class=\"elementor-container elementor-column-gap-no\">\n\t\t\t\t\t<div class=\"elementor-column elementor-col-100 elementor-top-column elementor-element elementor-element-22544fa sc_content_align_inherit sc_layouts_column_icons_position_left sc_fly_static\" data-id=\"22544fa\" data-element_type=\"column\">\n\t\t\t<div class=\"elementor-widget-wrap elementor-element-populated\">\n\t\t\t\t\t\t<div class=\"elementor-element elementor-element-5164b46 elementor-widget-divider--view-line sc_fly_static elementor-widget elementor-widget-divider\" data-id=\"5164b46\" data-element_type=\"widget\" data-widget_type=\"divider.default\">\n\t\t\t\t<div class=\"elementor-widget-container\">\n\t\t\t\t\t\t\t<div class=\"elementor-divider\">\n\t\t\t<span class=\"elementor-divider-separator\">\n\t\t\t\t\t\t<\/span>\n\t\t<\/div>\n\t\t\t\t\t\t<\/div>\n\t\t\t\t<\/div>\n\t\t\t\t\t<\/div>\n\t\t<\/div>\n\t\t\t\t\t<\/div>\n\t\t<\/section>\n\t\t\t\t<\/div>","protected":false},"excerpt":{"rendered":"<p>E-Mail info@corsu-hh.de Adresse Corsu GmbH\u00a0Hohenfelder Stra\u00dfe 20\u00a022087 HamburgIm e.novum L\u00fcneburgMunstermannskamp 1 21335 L\u00fcneburg Standort pr\u00fcfen Kontakt aufnehmen +49 (0) 15117830793 (Phone + WhatsApp + Telegram) +49 (0) 40 55448326 Kontakt&hellip;<\/p>","protected":false},"author":2,"featured_media":0,"parent":0,"menu_order":0,"comment_status":"closed","ping_status":"closed","template":"","meta":{"footnotes":""},"class_list":["post-26328","page","type-page","status-publish","hentry"],"_links":{"self":[{"href":"http:\/\/corsu-hh.de\/ru\/wp-json\/wp\/v2\/pages\/26328","targetHints":{"allow":["GET"]}}],"collection":[{"href":"http:\/\/corsu-hh.de\/ru\/wp-json\/wp\/v2\/pages"}],"about":[{"href":"http:\/\/corsu-hh.de\/ru\/wp-json\/wp\/v2\/types\/page"}],"author":[{"embeddable":true,"href":"http:\/\/corsu-hh.de\/ru\/wp-json\/wp\/v2\/users\/2"}],"replies":[{"embeddable":true,"href":"http:\/\/corsu-hh.de\/ru\/wp-json\/wp\/v2\/comments?post=26328"}],"version-history":[{"count":0,"href":"http:\/\/corsu-hh.de\/ru\/wp-json\/wp\/v2\/pages\/26328\/revisions"}],"wp:attachment":[{"href":"http:\/\/corsu-hh.de\/ru\/wp-json\/wp\/v2\/media?parent=26328"}],"curies":[{"name":"wp","href":"https:\/\/api.w.org\/{rel}","templated":true}]}}